{"id":26,"date":"2016-02-03T17:33:39","date_gmt":"2016-02-03T17:33:39","guid":{"rendered":"https:\/\/supermercadosarcoiris.com\/site\/?page_id=26"},"modified":"2025-11-27T10:21:17","modified_gmt":"2025-11-27T13:21:17","slug":"historia","status":"publish","type":"page","link":"https:\/\/supermercadosarcoiris.com\/site\/historia\/","title":{"rendered":"Historia"},"content":{"rendered":"<h2><a href=\"https:\/\/supermercadosarcoiris.com\/site\/wp-content\/uploads\/2016\/02\/empresa.png\" rel=\"attachment wp-att-51\"><img loading=\"lazy\" decoding=\"async\" class=\"alignright size-full wp-image-51\" src=\"https:\/\/supermercadosarcoiris.com\/site\/wp-content\/uploads\/2016\/02\/empresa.png\" alt=\"empresa\" width=\"287\" height=\"287\" srcset=\"https:\/\/supermercadosarcoiris.com\/site\/wp-content\/uploads\/2016\/02\/empresa.png 287w, https:\/\/supermercadosarcoiris.com\/site\/wp-content\/uploads\/2016\/02\/empresa-150x150.png 150w, https:\/\/supermercadosarcoiris.com\/site\/wp-content\/uploads\/2016\/02\/empresa-72x72.png 72w\" sizes=\"auto, (max-width: 287px) 100vw, 287px\" \/><\/a>Nuestra Historia<\/h2>\n<p style=\"text-align: justify;\"><strong>Supermercados Arcoiris<\/strong>, bajo la raz\u00f3n social <em>PREMIUM S.R.L<\/em>. fue formado a mediados del a\u00f1o 2001, cuando un grupo de entusiastas supermercadistas deciden conjuntamente instalar un supermercado en la ciudad de Arroyo Seco, provincia de Santa Fe.<\/p>\n<h2>Nuestros logros<\/h2>\n<p style=\"text-align: justify;\">En Diciembre de 2003, se produce la apertura de nuestro segundo local comercial ubicado en la ciudad de Funes, tambi\u00e9n provincia de Santa Fe. A fines del a\u00f1o 2007, se logra la apertura de nuestra tercera boca en la ciudad de G\u00e1lvez, Santa Fe.<\/p>\n<p style=\"text-align: justify;\">Como es pol\u00edtica de la empresa, no quedarse en los logros obtenidos, sino buscar constantemente la consolidaci\u00f3n y mejora continua para una posterior expansi\u00f3n, se decide en el a\u00f1o 2009 aumentar notablemente el capital social, adapt\u00e1ndolo a las necesidades actuales y transform\u00e1ndose en Sociedad An\u00f3nima. A partir de all\u00ed nuestra raz\u00f3n social cambi\u00f3 a <strong>NUEVO PREMIUM S.A.<\/strong><\/p>\n<p style=\"text-align: justify;\">A mediados del a\u00f1o 2010, se decide inaugurar un centro log\u00edstico de distribuci\u00f3n y centralizaci\u00f3n de las oficinas administrativas de la empresa. \u00a1Y seguimos creciendo!<\/p>\n<h2>Organizaci\u00f3n de Compras<\/h2>\n<p style=\"text-align: justify;\">La misma se desarrolla desde nuestro <strong>Centro de Distribuci\u00f3n<\/strong> ubicado estrat\u00e9gicamente sobre calle <strong>Pav\u00f3n 4928<\/strong> en la zona sur de la ciudad de <strong>Rosario<\/strong>. La superficie del mismo cuenta con oficinas para la concentraci\u00f3n de las compras y una correcta atenci\u00f3n a sus proveedores. Adem\u00e1s de contar con c\u00e1maras de fr\u00edo para el \u00f3ptimo almacenamiento de los perecederos. Desde all\u00ed, y con dos camiones t\u00e9rmicos, se abastecen diariamente a 11 de las bocas de la cadena (Arroyo Seco, Funes, G\u00e1lvez, Totoras, Fisherton Plaza, P\u00e9rez, Rosario y Granadero Baigorria).<\/p>\n<p style=\"text-align: justify;\">Estamos convencidos que las posibilidades de crecimientos son ciertas, por ello continuaremos con el mismo tes\u00f3n y convicci\u00f3n que tuvimos en un principio, orient\u00e1ndonos constantemente hacia una senda de solidez, para defender nuestra empresa de la manera m\u00e1s competitiva. Misi\u00f3n para nada sencilla, pero que de todas maneras tiene como estilo el desaf\u00edo y la creatividad, puntos determinantes para marcar cualquier tipo de evoluci\u00f3n empresarial.<\/p>\n<p><a name=\"referencias\"><\/a><\/p>\n<h2>Referencias Comerciales<\/h2>\n<p style=\"text-align: justify;\">La realidad que vivimos hoy nos marca que nuestro potencial est\u00e1 creciendo y estamos en condiciones de responder a cualquier requisito que se nos imponga, ya sea en lo legal como administrativo. Por eso y por otros factores de mercado estamos comercializando con las empresas m\u00e1s conocidas del pa\u00eds que con su confianza apoyaron sin condicionamientos nuestro desarrollo.<\/p>\n<p style=\"text-align: justify;\"><a href=\"https:\/\/gruposar.com.ar\/\" target=\"_blank\" rel=\"noopener\"><img loading=\"lazy\" decoding=\"async\" class=\"wp-image-3687 alignleft\" src=\"https:\/\/supermercadosarcoiris.com\/site\/wp-content\/uploads\/2022\/07\/banner-grupo-sar-01-300x84.jpg\" alt=\"\" width=\"1167\" height=\"327\" srcset=\"https:\/\/supermercadosarcoiris.com\/site\/wp-content\/uploads\/2022\/07\/banner-grupo-sar-01-300x84.jpg 300w, https:\/\/supermercadosarcoiris.com\/site\/wp-content\/uploads\/2022\/07\/banner-grupo-sar-01-1024x287.jpg 1024w, https:\/\/supermercadosarcoiris.com\/site\/wp-content\/uploads\/2022\/07\/banner-grupo-sar-01-768x215.jpg 768w, https:\/\/supermercadosarcoiris.com\/site\/wp-content\/uploads\/2022\/07\/banner-grupo-sar-01-1536x430.jpg 1536w, https:\/\/supermercadosarcoiris.com\/site\/wp-content\/uploads\/2022\/07\/banner-grupo-sar-01-2048x573.jpg 2048w\" sizes=\"auto, (max-width: 1167px) 100vw, 1167px\" \/><\/a><\/p>\n<table style=\"height: 253px; width: 100%;\" border=\"0\" width=\"100%\" cellspacing=\"0\" cellpadding=\"0\" align=\"center\">\n<tbody>\n<tr style=\"height: 23px;\">\n<td style=\"height: 23px; width: 31.9188%;\">CLOROX ARGENTINA S.A.<\/td>\n<td style=\"height: 23px; width: 33.4871%;\">DOS SANTOS PEREIRA<\/td>\n<td style=\"height: 23px; width: 34.5018%;\">MOLINOS FLORENCIA<\/td>\n<\/tr>\n<tr style=\"height: 23px;\">\n<td style=\"height: 23px; width: 31.9188%;\">SANCOR S.A.<\/td>\n<td style=\"height: 23px; width: 33.4871%;\">CAF\u00c9S LA VIRGINIA<\/td>\n<td style=\"height: 23px; width: 34.5018%;\">LOG\u00cdSTICA LA SEREN\u00cdSIMA<\/td>\n<\/tr>\n<tr style=\"height: 23px;\">\n<td style=\"height: 23px; width: 31.9188%;\">JOS\u00c9 GUMA S.A.<\/td>\n<td style=\"height: 23px; width: 33.4871%;\">MOLINOS CHACABUCO<\/td>\n<td style=\"height: 23px; width: 34.5018%;\">NESTL\u00c9 ARGENTINA S.A.<\/td>\n<\/tr>\n<tr style=\"height: 23px;\">\n<td style=\"height: 23px; width: 31.9188%;\">CEREVECER\u00cdA ARGENTINA<\/td>\n<td style=\"height: 23px; width: 33.4871%;\">FRIGOR\u00cdFICO PALADINI S.A.<\/td>\n<td style=\"height: 23px; width: 34.5018%;\">BODEGAS FLIA. ZUCCARDI<\/td>\n<\/tr>\n<tr style=\"height: 23px;\">\n<td style=\"height: 23px; width: 31.9188%;\">DULCES ORIETA<\/td>\n<td style=\"height: 23px; width: 33.4871%;\">ESCORIHUELA<\/td>\n<td style=\"height: 23px; width: 34.5018%;\">FLORA D\u00c1NICA<\/td>\n<\/tr>\n<tr style=\"height: 23px;\">\n<td style=\"height: 23px; width: 31.9188%;\">BAVOSI<\/td>\n<td style=\"height: 23px; width: 33.4871%;\">ESTABLECIMIENTO LAS MAR\u00cdAS<\/td>\n<td style=\"height: 23px; width: 34.5018%;\">AGD<\/td>\n<\/tr>\n<tr style=\"height: 23px;\">\n<td style=\"height: 23px; width: 31.9188%;\">COOPERATIVA MONTE CARLO<\/td>\n<td style=\"height: 23px; width: 33.4871%;\">NIZA<\/td>\n<td style=\"height: 23px; width: 34.5018%;\">FEDERACI\u00d3N VITIVIN\u00cdCOLA ARG.<\/td>\n<\/tr>\n<tr style=\"height: 23px;\">\n<td style=\"height: 23px; width: 31.9188%;\">ALIMENTOS GRANIX<\/td>\n<td style=\"height: 23px; width: 33.4871%;\">MOLINOS BR\u00dcNING<\/td>\n<td style=\"height: 23px; width: 34.5018%;\">MILKAUT<\/td>\n<\/tr>\n<tr style=\"height: 23px;\">\n<td style=\"height: 23px; width: 31.9188%;\">ANGEL CABRERA S.A.<\/td>\n<td style=\"height: 23px; width: 33.4871%;\">PERNOD RICARD S.A.<\/td>\n<td style=\"height: 23px; width: 34.5018%;\">CANNON PUNTANA S.A.<\/td>\n<\/tr>\n<tr style=\"height: 23px;\">\n<td style=\"height: 23px; width: 31.9188%;\">F\u00c9LIZ L\u00c1VAQUE S.A.<\/td>\n<td style=\"height: 23px; width: 33.4871%;\">SUC. DE ADOLFO WILLINER<\/td>\n<td style=\"height: 23px; width: 34.5018%;\">BODEGAS NIETO<\/td>\n<\/tr>\n<tr style=\"height: 23px;\">\n<td style=\"height: 23px; width: 31.9188%;\">MOLINOS CA\u00d1UELAS<\/td>\n<td style=\"height: 23px; width: 33.4871%;\"><\/td>\n<td style=\"height: 23px; width: 34.5018%;\"><\/td>\n<\/tr>\n<\/tbody>\n<\/table>\n<p><a name=\"carnes\"><\/a><\/p>\n<h2>Nuestras Carnes<\/h2>\n<p><a href=\"https:\/\/supermercadosarcoiris.com\/site\/wp-content\/uploads\/2024\/09\/Cenefa_CampoeToro-scaled.jpg\"><img loading=\"lazy\" decoding=\"async\" class=\"alignnone  wp-image-4348\" src=\"https:\/\/supermercadosarcoiris.com\/site\/wp-content\/uploads\/2024\/09\/Cenefa_CampoeToro-300x47.jpg\" alt=\"\" width=\"1153\" height=\"181\" srcset=\"https:\/\/supermercadosarcoiris.com\/site\/wp-content\/uploads\/2024\/09\/Cenefa_CampoeToro-300x47.jpg 300w, https:\/\/supermercadosarcoiris.com\/site\/wp-content\/uploads\/2024\/09\/Cenefa_CampoeToro-1024x161.jpg 1024w, https:\/\/supermercadosarcoiris.com\/site\/wp-content\/uploads\/2024\/09\/Cenefa_CampoeToro-768x121.jpg 768w, https:\/\/supermercadosarcoiris.com\/site\/wp-content\/uploads\/2024\/09\/Cenefa_CampoeToro-1536x241.jpg 1536w, https:\/\/supermercadosarcoiris.com\/site\/wp-content\/uploads\/2024\/09\/Cenefa_CampoeToro-2048x322.jpg 2048w\" sizes=\"auto, (max-width: 1153px) 100vw, 1153px\" \/><\/a><\/p>\n<p style=\"text-align: justify;\">Las carnes comercializadas por Nuevo Premium S.A. <strong>son totalmente de su propia producci\u00f3n<\/strong>. Provienen de un sistema integrado de producci\u00f3n que responde a normas internacionales de calidad y seguridad alimentaria.<\/p>\n<p style=\"text-align: justify;\">El proceso se inicia en nuestros campos, donde la hacienda es alimentada a base a pasturas naturales y complemento alimenticio, sin contaminante alguno. Continua con el proceso de faenamiento en una planta frigor\u00edfica ubicada en el sur santafesino (dotada de moderna tecnolog\u00eda y personal altamente calificado en todas sus \u00e1reas), y concluye con una distribuci\u00f3n programada que garantiza la frescura del producto terminado.<\/p>\n<p style=\"text-align: justify;\"><em>Nuestras carnes son de reconocidas razas como Aberdeen Angus, Hereford y Shorton.<\/em><\/p>\n<p style=\"text-align: justify;\">La hacienda terminada, cuyo peso promedio es de 300 kilos en pie, se caracteriza por su terneza, jugosidad y sabor, y la relaci\u00f3n calidad-precio es \u00f3ptima. Los est\u00e1ndares de sanidad en la crianza y en el engorde; la higiene en la industrializaci\u00f3n, y el fr\u00edo en la distribuci\u00f3n, colocan y destacan a nuestras carnes entre las m\u00e1s ricas y confiables del pa\u00eds.<\/p>\n<p>En el a\u00f1o 2023, expandimos nuestra marca <em><strong>Campo e Toro<\/strong><\/em>, ampliando nuestra variedad de cortes <em>Premium<\/em> seleccionados, porcionados y envasados al vac\u00edo.<\/p>\n","protected":false},"excerpt":{"rendered":"<p>Nuestra Historia Supermercados Arcoiris, bajo la raz\u00f3n social PREMIUM S.R.L. fue formado a mediados del a\u00f1o 2001, cuando un grupo [&hellip;]<\/p>\n","protected":false},"author":3,"featured_media":0,"parent":0,"menu_order":0,"comment_status":"closed","ping_status":"closed","template":"","meta":{"om_disable_all_campaigns":false,"_monsterinsights_skip_tracking":false,"_monsterinsights_sitenote_active":false,"_monsterinsights_sitenote_note":"","_monsterinsights_sitenote_category":0,"_uf_show_specific_survey":0,"_uf_disable_surveys":false,"footnotes":""},"class_list":["post-26","page","type-page","status-publish","hentry"],"aioseo_notices":[],"_links":{"self":[{"href":"https:\/\/supermercadosarcoiris.com\/site\/wp-json\/wp\/v2\/pages\/26","targetHints":{"allow":["GET"]}}],"collection":[{"href":"https:\/\/supermercadosarcoiris.com\/site\/wp-json\/wp\/v2\/pages"}],"about":[{"href":"https:\/\/supermercadosarcoiris.com\/site\/wp-json\/wp\/v2\/types\/page"}],"author":[{"embeddable":true,"href":"https:\/\/supermercadosarcoiris.com\/site\/wp-json\/wp\/v2\/users\/3"}],"replies":[{"embeddable":true,"href":"https:\/\/supermercadosarcoiris.com\/site\/wp-json\/wp\/v2\/comments?post=26"}],"version-history":[{"count":48,"href":"https:\/\/supermercadosarcoiris.com\/site\/wp-json\/wp\/v2\/pages\/26\/revisions"}],"predecessor-version":[{"id":4575,"href":"https:\/\/supermercadosarcoiris.com\/site\/wp-json\/wp\/v2\/pages\/26\/revisions\/4575"}],"wp:attachment":[{"href":"https:\/\/supermercadosarcoiris.com\/site\/wp-json\/wp\/v2\/media?parent=26"}],"curies":[{"name":"wp","href":"https:\/\/api.w.org\/{rel}","templated":true}]}}